{"id":30,"date":"2011-04-07T09:54:24","date_gmt":"2011-04-07T09:54:24","guid":{"rendered":"http:\/\/proinnowacje.arleg.eu\/?page_id=30"},"modified":"2012-10-11T13:02:34","modified_gmt":"2012-10-11T13:02:34","slug":"o-projekcie","status":"publish","type":"page","link":"https:\/\/proinnowacje.arleg.eu\/?page_id=30","title":{"rendered":"O projekcie"},"content":{"rendered":"<h2 style=\"text-align: center;\"><strong><span style=\"font-size: 16.0pt; font-family: 'Candara','sans-serif'; mso-bidi-font-family: Calibri; mso-bidi-theme-font: minor-latin;\"><a href=\"http:\/\/proinnowacje.arleg.eu\/wp-content\/uploads\/2012\/10\/\u017bar\u00f3wka-shutterstock_13216783-1.jpg\"><img loading=\"lazy\" decoding=\"async\" class=\"size-medium wp-image-207 alignleft\" title=\"\u017bar\u00f3wka - shutterstock_13216783 (1)\" src=\"http:\/\/proinnowacje.arleg.eu\/wp-content\/uploads\/2012\/10\/\u017bar\u00f3wka-shutterstock_13216783-1-200x300.jpg\" alt=\"\" width=\"200\" height=\"300\" srcset=\"https:\/\/proinnowacje.arleg.eu\/wp-content\/uploads\/2012\/10\/\u017bar\u00f3wka-shutterstock_13216783-1-200x300.jpg 200w, https:\/\/proinnowacje.arleg.eu\/wp-content\/uploads\/2012\/10\/\u017bar\u00f3wka-shutterstock_13216783-1-298x447.jpg 298w, https:\/\/proinnowacje.arleg.eu\/wp-content\/uploads\/2012\/10\/\u017bar\u00f3wka-shutterstock_13216783-1.jpg 512w\" sizes=\"(max-width: 200px) 100vw, 200px\" \/><\/a><\/span><\/strong><\/h2>\n<p class=\"MsoNormal\" style=\"mso-margin-top-alt: auto; mso-margin-bottom-alt: auto; text-align: justify; line-height: normal;\"><span style=\"font-size: 14.0pt; font-family: 'Sakkal Majalla'; mso-fareast-font-family: 'Times New Roman'; mso-fareast-language: PL; mso-bidi-font-weight: bold;\">Projekt pn.<strong> \u201eWdro\u017cenie pakietu us\u0142ug proinnowacyjnych na rzecz przedsi\u0119biorstw Polski po\u0142udniowo \u2013 zachodniej\u201d<\/strong><\/span><span style=\"font-size: 14.0pt; font-family: 'Sakkal Majalla'; mso-fareast-font-family: 'Times New Roman'; mso-fareast-language: PL;\"> jest realizowany przez Agencj\u0119 Rozwoju Regionalnego \u201eARLEG\u201d S.A. w Legnicy i jest wsp\u00f3\u0142finansowany ze \u015brodk\u00f3w Unii Europejskiej z Europejskiego Funduszu Rozwoju Regionalnego w ramach Programu Operacyjnego Innowacyjna Gospodarka, o\u015b Priorytetowa 5. Dyfuzja innowacji, dzia\u0142anie 5.2 Wspieranie instytucji otoczenia biznesu \u015bwiadcz\u0105cych us\u0142ugi proinnowacyjne oraz ich sieci o znaczeniu ponadregionalnym.<\/span><span style=\"font-size: 14.0pt; font-family: 'Sakkal Majalla'; mso-fareast-font-family: 'Times New Roman'; mso-fareast-language: PL;\">\u00a0<\/span><\/p>\n<p class=\"MsoNormal\" style=\"mso-margin-top-alt: auto; mso-margin-bottom-alt: auto; text-align: justify; line-height: normal;\"><span style=\"font-size: 14.0pt; font-family: 'Sakkal Majalla'; mso-fareast-font-family: 'Times New Roman'; mso-fareast-language: PL;\">Celem projektu jest zapewnienie przedsi\u0119biorcom dost\u0119pu do wysokiej jako\u015bci, kompleksowych us\u0142ug proinnowacyjnych poprzez opracowanie i wdro\u017cenie przez ARR \u201eARLEG\u201d S.A. pakietu nowych us\u0142ug w trzech zakresach tematycznych tj.<\/span><\/p>\n<ul type=\"disc\">\n<li class=\"MsoNormal\" style=\"mso-margin-top-alt: auto; mso-margin-bottom-alt: auto; text-align: justify; line-height: normal; mso-list: l1 level1 lfo1; tab-stops: list 36.0pt;\"><strong style=\"mso-bidi-font-weight: normal;\"><span style=\"font-size: 14.0pt; font-family: 'Sakkal Majalla'; mso-fareast-font-family: 'Times New Roman'; mso-fareast-language: PL;\">stymulowanie kreatywno\u015bci i wspieranie postaw innowacyjnych \u00a0w przedsi\u0119biorstwie,<\/span><\/strong><\/li>\n<\/ul>\n<ul type=\"disc\">\n<li class=\"MsoNormal\" style=\"mso-margin-top-alt: auto; mso-margin-bottom-alt: auto; text-align: justify; line-height: normal; mso-list: l2 level1 lfo2; tab-stops: list 36.0pt;\"><strong style=\"mso-bidi-font-weight: normal;\"><span style=\"font-size: 14.0pt; font-family: 'Sakkal Majalla'; mso-fareast-font-family: 'Times New Roman'; mso-fareast-language: PL;\">pozyskiwanie finansowania zewn\u0119trznego o charakterze udzia\u0142owym \u00a0na innowacyjne przedsi\u0119wzi\u0119cia,<\/span><\/strong><\/li>\n<\/ul>\n<ul type=\"disc\">\n<li class=\"MsoNormal\" style=\"mso-margin-top-alt: auto; mso-margin-bottom-alt: auto; text-align: justify; line-height: normal; mso-list: l0 level1 lfo3; tab-stops: list 36.0pt;\"><strong style=\"mso-bidi-font-weight: normal;\"><span style=\"font-size: 14.0pt; font-family: 'Sakkal Majalla'; mso-fareast-font-family: 'Times New Roman'; mso-fareast-language: PL;\">wspieranie przedsi\u0119biorc\u00f3w w budowach sieci powi\u0105za\u0144 kooperacyjnych i inicjatyw klastrowych.<\/span><\/strong><\/li>\n<\/ul>\n<p class=\"MsoNormal\" style=\"mso-margin-top-alt: auto; mso-margin-bottom-alt: auto; text-align: justify; line-height: normal;\"><span style=\"font-size: 14.0pt; font-family: 'Sakkal Majalla'; mso-fareast-font-family: 'Times New Roman'; mso-fareast-language: PL;\">\u00a0<\/span><span style=\"font-size: 14.0pt; font-family: 'Sakkal Majalla'; mso-fareast-font-family: 'Times New Roman'; mso-fareast-language: PL;\">Us\u0142ugi proinnowacyjne \u015bwiadczone s\u0105 na rzecz Przedsi\u0119biorc\u00f3w bezp\u0142atnie w formie wsparcia stanowi\u0105cego <span style=\"mso-bidi-font-style: italic;\">pomoc de minimis <\/span>zgodnie z \u00a7 4 ust 1 Rozporz\u0105dzenia Ministra Rozwoju Regionalnego z dnia 7 kwietnia 2008r. [DZ. U. z 2008 r. Nr 68, poz.414 z p\u00f3\u017an. zm. ] w sprawie udzielania przez Polsk\u0105 Agencj\u0119 Rozwoju Przedsi\u0119biorczo\u015bci pomocy finansowej w ramach Programu Operacyjnego Innowacyjna Gospodarka, 2007-2013. Szczeg\u00f3\u0142owe\u00a0warunki rekrutacji i uczestnictwa w projekcie okre\u015bla Regulamin projektu.\u00a0<\/span><\/p>\n<p class=\"MsoNormal\" style=\"line-height: normal;\"><span style=\"font-size: 14.0pt; font-family: 'Sakkal Majalla'; mso-fareast-font-family: 'Times New Roman'; mso-fareast-language: PL;\">\u00a0<\/span><span style=\"font-size: 14.0pt; font-family: 'Sakkal Majalla'; mso-fareast-font-family: 'Times New Roman'; mso-fareast-language: PL;\">Opracowanie i wdro\u017cenie tak skonstruowanego pakietu us\u0142ug proinnowacyjnych pozwoli na dotarcie do szerokiej grupy klient\u00f3w \u2013 przedsi\u0119biorstw na ka\u017cdym etapie funkcjonowania, zaczynaj\u0105c od os\u00f3b rozpoczynaj\u0105cych dzia\u0142alno\u015b\u0107 gospodarcz\u0105 w oparciu o innowacyjne pomys\u0142y, poprzez firmy pr\u0119\u017cnie dzia\u0142aj\u0105ce, po przedsi\u0119biorstwa na etapie stagnacji szukaj\u0105ce mo\u017cliwych dr\u00f3g rozwoju.<\/span><\/p>\n<p class=\"MsoNormal\" style=\"line-height: normal;\"><span style=\"font-size: 14.0pt; font-family: 'Sakkal Majalla'; mso-fareast-font-family: 'Times New Roman'; mso-fareast-language: PL;\"><a href=\"http:\/\/proinnowacje.arleg.eu\/wp-content\/uploads\/2011\/04\/o_projekcie.png\"><img loading=\"lazy\" decoding=\"async\" class=\"size-full wp-image-105 alignright\" title=\"o_projekcie\" src=\"http:\/\/proinnowacje.arleg.eu\/wp-content\/uploads\/2011\/04\/o_projekcie.png\" alt=\"\" width=\"260\" height=\"105\" \/><\/a><\/span><\/p>\n<p class=\"MsoNormal\" style=\"line-height: normal;\"><span style=\"font-size: 14.0pt; font-family: 'Sakkal Majalla'; mso-fareast-font-family: 'Times New Roman'; mso-fareast-language: PL;\">Projekt realizowany jest terminie od <strong>01.01.2011 r.<\/strong> do <strong>31.12.2014 r.<\/strong> na obszarze trzech s\u0105siaduj\u0105cych wojew\u00f3dztw tj.: <strong>dolno\u015bl\u0105skiego, lubuskiego oraz opolskiego.\u00a0<\/strong><\/span><\/p>\n<p class=\"MsoNormal\" style=\"line-height: normal; text-align: left;\">\u00a0<span style=\"font-size: 14.0pt; font-family: 'Sakkal Majalla'; mso-fareast-font-family: 'Times New Roman'; mso-fareast-language: PL;\">\u00a0<\/span><\/p>\n","protected":false},"excerpt":{"rendered":"<p>Projekt pn. \u201eWdro\u017cenie pakietu us\u0142ug proinnowacyjnych na rzecz przedsi\u0119biorstw Polski po\u0142udniowo \u2013 zachodniej\u201d jest realizowany przez Agencj\u0119 Rozwoju Regionalnego \u201eARLEG\u201d S.A. w Legnicy i jest wsp\u00f3\u0142finansowany ze \u015brodk\u00f3w Unii Europejskiej z Europejskiego Funduszu Rozwoju Regionalnego w ramach Programu Operacyjnego Innowacyjna Gospodarka, o\u015b Priorytetowa 5. Dyfuzja innowacji, dzia\u0142anie 5.2 Wspieranie instytucji otoczenia biznesu \u015bwiadcz\u0105cych us\u0142ugi proinnowacyjne [&hellip;]<\/p>\n","protected":false},"author":3,"featured_media":0,"parent":0,"menu_order":0,"comment_status":"open","ping_status":"open","template":"","meta":{"footnotes":""},"_links":{"self":[{"href":"https:\/\/proinnowacje.arleg.eu\/index.php?rest_route=\/wp\/v2\/pages\/30"}],"collection":[{"href":"https:\/\/proinnowacje.arleg.eu\/index.php?rest_route=\/wp\/v2\/pages"}],"about":[{"href":"https:\/\/proinnowacje.arleg.eu\/index.php?rest_route=\/wp\/v2\/types\/page"}],"author":[{"embeddable":true,"href":"https:\/\/proinnowacje.arleg.eu\/index.php?rest_route=\/wp\/v2\/users\/3"}],"replies":[{"embeddable":true,"href":"https:\/\/proinnowacje.arleg.eu\/index.php?rest_route=%2Fwp%2Fv2%2Fcomments&post=30"}],"version-history":[{"count":20,"href":"https:\/\/proinnowacje.arleg.eu\/index.php?rest_route=\/wp\/v2\/pages\/30\/revisions"}],"predecessor-version":[{"id":43,"href":"https:\/\/proinnowacje.arleg.eu\/index.php?rest_route=\/wp\/v2\/pages\/30\/revisions\/43"}],"wp:attachment":[{"href":"https:\/\/proinnowacje.arleg.eu\/index.php?rest_route=%2Fwp%2Fv2%2Fmedia&parent=30"}],"curies":[{"name":"wp","href":"https:\/\/api.w.org\/{rel}","templated":true}]}}