{"id":61,"date":"2011-04-12T13:38:22","date_gmt":"2011-04-12T13:38:22","guid":{"rendered":"http:\/\/proinnowacje.arleg.eu\/?page_id=61"},"modified":"2012-12-13T13:37:12","modified_gmt":"2012-12-13T13:37:12","slug":"finansowanie-innowacji","status":"publish","type":"page","link":"https:\/\/proinnowacje.arleg.eu\/?page_id=61","title":{"rendered":"FINANSOWANIE INNOWACJI"},"content":{"rendered":"<p style=\"text-align: center;\"><strong><a href=\"http:\/\/proinnowacje.arleg.eu\/wp-content\/uploads\/2011\/04\/banner7.png\"><img loading=\"lazy\" decoding=\"async\" class=\"size-full wp-image-56 alignright\" title=\"banner7\" src=\"http:\/\/proinnowacje.arleg.eu\/wp-content\/uploads\/2011\/04\/banner7.png\" alt=\"\" width=\"266\" height=\"125\" \/><\/a><\/strong><strong>Pozyskiwanie finansowania zewn\u0119trznego o charakterze udzia\u0142owym\u00a0<\/strong><\/p>\n<p>Znana maksyma m\u00f3wi\u0105ca o tym, \u017ce kto stoi w miejscu ten si\u0119 cofa, jest dzisiaj bardzo aktualna w biznesie. Stan dzisiejszej gospodarki wymusza na przedsi\u0119biorcach potrzeb\u0119 ci\u0105g\u0142ego doskonalenia i rozwoju. Aby m\u00f3c skutecznie konkurowa\u0107 na rynku niezb\u0119dne jest prowadzenie dzia\u0142alno\u015bci gospodarczej w oparciu o innowacyjne rozwi\u0105zania, co wi\u0105\u017ce si\u0119 z potrzeb\u0105 inwestowania w nowe technologie, produkty czy rozwi\u0105zania organizacyjne. Jednym z\u00a0 g\u0142\u00f3wnych czynnik\u00f3w stanowi\u0105cych barier\u0119 dla wprowadzenia w \u017cycie plan\u00f3w rozwoju jest brak wystarczaj\u0105cego kapita\u0142u. Przedsi\u0119biorcy niejednokrotnie staj\u0105 przed dylematem:<\/p>\n<p><strong>\u00a0\u00a0\u00a0\u00a0\u00a0\u00a0\u00a0\u00a0\u00a0\u00a0\u00a0\u00a0\u00a0\u00a0\u00a0\u00a0\u00a0\u00a0\u00a0\u00a0\u00a0\u00a0\u00a0\u00a0\u00a0\u00a0\u00a0\u00a0\u00a0\u00a0\u00a0\u00a0\u00a0\u00a0\u00a0\u00a0\u00a0\u00a0\u00a0\u00a0\u00a0\u00a0\u00a0\u00a0\u00a0\u00a0\u00a0\u00a0\u00a0\u00a0\u00a0\u00a0\u00a0\u00a0\u00a0\u00a0\u00a0\u00a0\u00a0\u00a0\u00a0\u00a0\u00a0\u00a0\u00a0\u00a0\u00a0\u00a0\u00a0\u00a0\u00a0\u00a0 Sk\u0105d wzi\u0105\u0107 niezb\u0119dny kapita\u0142 ?<\/strong><strong>\u00a0<\/strong><\/p>\n<p>Umiej\u0119tne zarz\u0105dzanie kapita\u0142em jest jednym z podstawowych aspekt\u00f3w funkcjonowania i rozwoju, a co za tym idzie sukcesu rynkowego przedsi\u0119biorc\u00f3w. Planuj\u0105c realizacj\u0119 nowego przedsi\u0119wzi\u0119cia przedsi\u0119biorcy i potencjalni przedsi\u0119biorcy poszukuj\u0105 r\u00f3\u017cnych sposob\u00f3w sfinansowania planowanych dzia\u0142a\u0144. Przy wyborze \u017ar\u00f3d\u0142a finansowania trzeba wzi\u0105\u0107 pod uwag\u0119 przede wszystkim: sytuacj\u0119 wewn\u0119trzn\u0105 przedsi\u0119biorstwa, sytuacj\u0119 na rynku, wielko\u015b\u0107 potrzebnych funduszy oraz cel ich przeznaczenia, czas jaki zajmie przedsi\u0119biorcy uzyskanie kapita\u0142u oraz koszt pozyskania danego rodzaju finansowania. Podzia\u0142 sposob\u00f3w finansowania ze wzgl\u0119du na \u017ar\u00f3d\u0142o jego pochodzenia jest do\u015b\u0107 oczywisty. Mamy tu do czynienia z kapita\u0142ami w\u0142asnymi oraz kapita\u0142ami obcymi.<\/p>\n<p>Kapita\u0142y w\u0142asne obejmuj\u0105 \u015brodki pieni\u0119\u017cne, kt\u00f3rych przedsi\u0119biorstwo w przysz\u0142o\u015bci nie b\u0119dzie musia\u0142o odda\u0107. Zaliczamy do nich przede wszystkim:<\/p>\n<ul>\n<li>\u015brodki w\u0142asne,<\/li>\n<li>zyski zatrzymane,<\/li>\n<li>dotacje \/ granty<\/li>\n<\/ul>\n<p>Do kapita\u0142\u00f3w obcych zaliczamy \u015brodki pieni\u0119\u017cne, kt\u00f3re przedsi\u0119biorstwo w przysz\u0142o\u015bci b\u0119dzie musia\u0142o sp\u0142aci\u0107 z bie\u017c\u0105cych zysk\u00f3w, czyli po prostu d\u0142ug. Wyr\u00f3\u017cniamy tutaj:<\/p>\n<ul>\n<li>kredyty i po\u017cyczki bankowe,<\/li>\n<li>po\u017cyczki pozabankowe,<\/li>\n<li>d\u0142ugoterminowe papiery d\u0142u\u017cne (obligacje) i kr\u00f3tkoterminowe papiery d\u0142u\u017cne (KPD),<\/li>\n<li>leasing,<\/li>\n<li>factoring,<\/li>\n<li>kredyt kupiecki<\/li>\n<\/ul>\n<p>Wymienione powy\u017cej \u017ar\u00f3d\u0142a pozyskiwania kapita\u0142u s\u0105 wystarczaj\u0105ce do sfinansowania bie\u017c\u0105cych i standardowych dzia\u0142a\u0144 firmy, jednak je\u017celi w gr\u0119 wchodz\u0105 przedsi\u0119wzi\u0119cia innowacyjne, charakteryzuj\u0105ce si\u0119 du\u017cym zapotrzebowaniem kapita\u0142owym, a przy tym wysokim stopniem ryzyka okazuje si\u0119, i\u017c \u015brodki w\u0142asne przedsi\u0119biorstwa s\u0105 niewystarczaj\u0105ce, a kapita\u0142 obcy niedost\u0119pny. Z pomoc\u0105 w takich sytuacjach przychodz\u0105 nam alternatywne \u017ar\u00f3d\u0142a finansowania, kt\u00f3re s\u0105 zaliczane do grupy kapita\u0142\u00f3w w\u0142asnych, a stanowi\u0105 tzw. kapita\u0142 udzia\u0142owy, czyli uzyskany w drodze emisji nowych udzia\u0142\u00f3w lub akcji, kt\u00f3ry zosta\u0142 obj\u0119ty przez inwestora. Inwestorami w tym przypadku s\u0105:<\/p>\n<ul>\n<li>anio\u0142y biznesu,<\/li>\n<li>fundusze Venture Capital (VC) oraz Private Equity (PE),<\/li>\n<li>inwestorzy rynku NewConnect,<\/li>\n<li>inwestorzy Gie\u0142dy Papier\u00f3w Warto\u015bciowych.<\/li>\n<\/ul>\n<p>Istotn\u0105 barier\u0105 pozyskania kapita\u0142u udzia\u0142owego dla przedsi\u0119biorc\u00f3w, szczeg\u00f3lnie we wczesnej fazie rozwoju, jest nieumiej\u0119tno\u015b\u0107 zdefiniowania potrzeb oraz brak wiedzy i przygotowania do zaprezentowania oferty inwestorowi. Rozwi\u0105zaniem tych problem\u00f3w jest skorzystanie ze specjalistycznych us\u0142ug firm konsultingowych, jednak tu pojawia si\u0119 kolejna bariera jak\u0105 jest koszt doradztwa.<\/p>\n<p><strong>Dlatego \u2026 \u00a0\u00a0\u00a0\u00a0<\/strong><\/p>\n<p><strong>\u00a0\u00a0\u00a0\u00a0\u00a0\u00a0\u00a0\u00a0\u00a0\u00a0\u00a0\u00a0\u00a0\u00a0\u00a0 \u2026.. spr\u00f3buj razem z nami zg\u0142\u0119bi\u0107 tajniki procesu inwestycyjnego i pozyskaj inwestora ! <\/strong><\/p>\n<p align=\"center\">Zg\u0142o\u015b si\u0119 do nas, a <strong>BEZP\u0141ATNIE<\/strong> pomo\u017cemy Ci pozyska\u0107 inwetora.<\/p>\n<p align=\"center\">Skorzystaj z pakietu bezp\u0142atnych us\u0142ug w zakresie<\/p>\n<p align=\"center\"><strong>pozyskiwania finansowania zewn\u0119trznego o charakterze udzia\u0142owym.<\/strong><\/p>\n<p align=\"center\">Celem oferowanego pakietu us\u0142ug jest wsparcie przedsi\u0119biorc\u00f3w w procesie pozyskiwania finansowania zewn\u0119trznego o charakterze udzia\u0142owym. W ramach projektu firmy otrzymaj\u0105 kompleksowe wsparcie doradcze pocz\u0105wszy od aktywnego poszukiwania inwestor\u00f3w, bie\u017c\u0105cy kontakt z nimi, przedstawienie oferty, negocjacje z inwestorem i zamkni\u0119cie transakcji.<\/p>\n<p align=\"center\"><strong>POMAGAMY POZYSKA\u0106 INWESTORA<\/strong><\/p>\n<p align=\"center\"><strong>opracowujemy dokumenty dla inwestora<\/strong><\/p>\n<p align=\"center\"><strong>przygotowujemy do rozm\u00f3w z inwestorem<\/strong><\/p>\n<p align=\"center\"><strong>doradzamy w ustalaniu warunk\u00f3w transakcji<\/strong><\/p>\n<p>&nbsp;<\/p>\n<p>Us\u0142ugi proinnowacyjne \u015bwiadczone s\u0105 na rzecz Przedsi\u0119biorc\u00f3w bezp\u0142atnie w formie wsparcia stanowi\u0105cego pomoc de minimis zgodnie z \u00a7 4 ust 1 Rozporz\u0105dzenia Ministra Rozwoju Regionalnego z dnia 7 kwietnia 2008r. [DZ. U. z 2008 r. Nr 68, poz.414 z p\u00f3\u017an. zm. ] w sprawie udzielania przez Polsk\u0105 Agencj\u0119 Rozwoju Przedsi\u0119biorczo\u015bci pomocy finansowej w ramach Programu Operacyjnego Innowacyjna Gospodarka, 2007-2013. Szczeg\u00f3\u0142owe\u00a0warunki rekrutacji i uczestnictwa w projekcie okre\u015bla Regulamin projektu.<\/p>\n<p>Oferta jest ograniczona liczbowo. W ramach projektu zaplanowano obj\u0119cie <strong>BEZP\u0141ATN\u0104<\/strong> obs\u0142ug\u0105 doradcz\u0105 15 firm w zakresie pozyskiwania finansowania zewn\u0119trznego o charakterze udzia\u0142owym\u00a0 na innowacyjne przedsi\u0119wzi\u0119cia.<\/p>\n<p>Szczeg\u00f3\u0142owe informacje o zasadach i warunkach udzia\u0142u w projekcie zawarte s\u0105 w Regulaminie projektu dost\u0119pnym w zak\u0142adce \u201edokumenty do pobrania\u201d.<\/p>\n<p class=\"MsoNormal\" style=\"mso-margin-top-alt: auto; mso-margin-bottom-alt: auto;\"><strong><span style=\"mso-ascii-font-family: Calibri; mso-ascii-theme-font: minor-latin; mso-fareast-font-family: 'Times New Roman'; mso-hansi-font-family: Calibri; mso-hansi-theme-font: minor-latin; mso-bidi-font-family: Calibri; mso-bidi-theme-font: minor-latin; mso-fareast-language: PL;\"><br \/>\n<\/span><\/strong><\/p>\n","protected":false},"excerpt":{"rendered":"<p>Pozyskiwanie finansowania zewn\u0119trznego o charakterze udzia\u0142owym\u00a0 Znana maksyma m\u00f3wi\u0105ca o tym, \u017ce kto stoi w miejscu ten si\u0119 cofa, jest dzisiaj bardzo aktualna w biznesie. Stan dzisiejszej gospodarki wymusza na przedsi\u0119biorcach potrzeb\u0119 ci\u0105g\u0142ego doskonalenia i rozwoju. Aby m\u00f3c skutecznie konkurowa\u0107 na rynku niezb\u0119dne jest prowadzenie dzia\u0142alno\u015bci gospodarczej w oparciu o innowacyjne rozwi\u0105zania, co wi\u0105\u017ce si\u0119 [&hellip;]<\/p>\n","protected":false},"author":3,"featured_media":0,"parent":0,"menu_order":0,"comment_status":"open","ping_status":"open","template":"","meta":{"footnotes":""},"_links":{"self":[{"href":"https:\/\/proinnowacje.arleg.eu\/index.php?rest_route=\/wp\/v2\/pages\/61"}],"collection":[{"href":"https:\/\/proinnowacje.arleg.eu\/index.php?rest_route=\/wp\/v2\/pages"}],"about":[{"href":"https:\/\/proinnowacje.arleg.eu\/index.php?rest_route=\/wp\/v2\/types\/page"}],"author":[{"embeddable":true,"href":"https:\/\/proinnowacje.arleg.eu\/index.php?rest_route=\/wp\/v2\/users\/3"}],"replies":[{"embeddable":true,"href":"https:\/\/proinnowacje.arleg.eu\/index.php?rest_route=%2Fwp%2Fv2%2Fcomments&post=61"}],"version-history":[{"count":20,"href":"https:\/\/proinnowacje.arleg.eu\/index.php?rest_route=\/wp\/v2\/pages\/61\/revisions"}],"predecessor-version":[{"id":199,"href":"https:\/\/proinnowacje.arleg.eu\/index.php?rest_route=\/wp\/v2\/pages\/61\/revisions\/199"}],"wp:attachment":[{"href":"https:\/\/proinnowacje.arleg.eu\/index.php?rest_route=%2Fwp%2Fv2%2Fmedia&parent=61"}],"curies":[{"name":"wp","href":"https:\/\/api.w.org\/{rel}","templated":true}]}}